{"id":711,"date":"2021-08-08T21:49:21","date_gmt":"2021-08-09T00:49:21","guid":{"rendered":"https:\/\/infocraftweb.com.br\/site\/?page_id=711"},"modified":"2021-08-09T10:07:01","modified_gmt":"2021-08-09T13:07:01","slug":"aviso-de-privacidade","status":"publish","type":"page","link":"https:\/\/infocraftweb.com.br\/site\/aviso-de-privacidade\/","title":{"rendered":"Aviso de privacidade"},"content":{"rendered":"\r\n<p>O Presente aviso de privacidade tem por objetivo formalizar o compromisso e o respeito \u00e0 privacidade e a prote\u00e7\u00e3o de dados pessoais tratados em decorr\u00eancia das atividades empresariais da <strong>INFOCRAFT<\/strong>, bem como, definir e divulgar as regras de tratamento. \u00a0Aqui na nossa empresa, a privacidade est\u00e1 inserida no centro dos nossos processos e enraizada na nossa cultura organizacional, todos os colaboradores e parceiros tem o respeito \u00e0 privacidade e prote\u00e7\u00e3o de dados.<\/p>\r\n<p>A Infocraft atua como controladora e\/ou operadora ao tratar seus dados pessoais. Nosso DPO (Encarregado de dados) pode ser contatado via e-mail: <a href=\"mailto:dpo@infocraft.com.br\">dpo@infocraft.com.br<\/a><\/p>\r\n<p>E para trazer uma melhor compreens\u00e3o de como os dados pessoais s\u00e3o tratados, vamos descrever um pouco das nossas atividades.<\/p>\r\n<p>&nbsp;<\/p>\r\n<p><strong>QUEM SOMOS E O QUE FAZEMOS?<\/strong><\/p>\r\n<p>A <strong>Infocraft Com\u00e9rcio Servi\u00e7os e Inform\u00e1tica EPP<\/strong>, fundada em 1998, com sede estabelecida \u00e0 Rua Visconde do Ros\u00e1rio, 03 &#8211; Salas 407-410 &#8211; Comercio, Salvador &#8211; BA, 40015-050, atua no setor de Tecnologia da Informa\u00e7\u00e3o e Comunica\u00e7\u00e3o (TIC), especificamente nas \u00e1reas de solu\u00e7\u00f5es de desenvolvimento de sistemas, consultoria, digitaliza\u00e7\u00e3o de documentos e Outsourcing nos seguimentos p\u00fablicos e privados.<\/p>\r\n<p>De modo que os servi\u00e7os e produtos gerados pela Infocraft, atendem solu\u00e7\u00f5es tecnol\u00f3gicas, suprindo a necessidade dos gestores em ter um melhor controle em gerir, pessoas, documentos, processos e recursos em suas organiza\u00e7\u00f5es, com destaque para o seguimento escolar.<\/p>\r\n<p>&nbsp;<\/p>\r\n<p><strong>DADOS PESSOAIS QUE COLETAMOS E PORQUE N\u00d3S PRECISAMOS DESTAS INFORMA\u00c7\u00d5ES:<\/strong><\/p>\r\n<p>Cen\u00e1rio Operador: Fornecer produtos e servi\u00e7os de Tecnologia da Informa\u00e7\u00e3o e Comunica\u00e7\u00e3o.<\/p>\r\n<p>Para prestar os nossos servi\u00e7os de desenvolvimento, manuten\u00e7\u00e3o e suporte de sistemas, consultoria, representa\u00e7\u00e3o, digitaliza\u00e7\u00e3o de documentos, outsourcing \u00e9 necess\u00e1rio obtermos acessos e processar informa\u00e7\u00f5es de pessoas f\u00edsicas, incluindo-se, dados pessoais de diversos tipos, por exemplo:<\/p>\r\n<ol>\r\n<li>Informa\u00e7\u00f5es pessoais (por exemplo: nome, sobrenome, local e data de nascimento, RG\/CPF, endere\u00e7o postal\/eletr\u00f4nico, sexo, nacionalidade, telefone, estado civil, comprovante de resid\u00eancia\/trabalho, fotos, dados familiares, profiss\u00e3o, n\u00famero do NIS, filia\u00e7\u00e3o, cor, pretens\u00e3o religiosa, tipo sangu\u00edneo, Anamnese)<\/li>\r\n<li>Informa\u00e7\u00f5es financeiras (a exemplo de dados banc\u00e1rios);<\/li>\r\n<\/ol>\r\n<p>A lista acima pode variar para os diferentes atores que fazem parte da realidade do universo de atua\u00e7\u00e3o de nossos clientes, em regra pessoas jur\u00eddicas.<\/p>\r\n<p>Assim, nesse cen\u00e1rio de prestador de servi\u00e7os de tecnologia, somos Operadores, nos termos definido na LGPD, uma vez que tratamos dados pessoais em nome dos nossos clientes, e com a finalidade exclusiva definida por eles, seguindo as diretrizes para tratamento estabelecidas em cl\u00e1usulas contratuais.<\/p>\r\n<p>Esses dados, s\u00e3o coletados a partir da migra\u00e7\u00e3o da base de dados dos nossos clientes (Controladores dos dados pessoais) que adquiriu os nossos produtos ou inseridos manualmente pelos usu\u00e1rios.<\/p>\r\n<p>&nbsp;<\/p>\r\n<p><strong>Cen\u00e1rio Controlador: dados dos representantes legais de nossos clientes, parceiros e fornecedores: <\/strong><\/p>\r\n<p>Os dados pessoais dos representantes legais de nossos clientes, parceiros e fornecedores, s\u00e3o necess\u00e1rios para realiza\u00e7\u00e3o de cadastro em nosso sistema de controle de informa\u00e7\u00f5es financeira e desenvolvimento da rela\u00e7\u00e3o contratual e estas informa\u00e7\u00f5es, ir\u00e3o permanecer enquanto o contrato de presta\u00e7\u00e3o de servi\u00e7o estiver ativo.<\/p>\r\n<p>Os dados coletados para esta finalidade s\u00e3o:<\/p>\r\n<ol>\r\n<li>Nome, sobrenome, local e data de nascimento, RG\/CPF, endere\u00e7o eletr\u00f4nico, telefone,<\/li>\r\n<li>Dados banc\u00e1rios,<\/li>\r\n<\/ol>\r\n<p>&nbsp;<\/p>\r\n<p><strong>DO TRATAMENTO DE DADOS PESSOAIS:<\/strong><\/p>\r\n<p>O tratamento de dados pessoais realizado pela <strong>INFOCRAFT<\/strong> \u00e9 feito para atender as suas finalidades institucionais, principalmente a de prestar servi\u00e7os de tecnologias, com o objetivo de executar as atividades previstas em seus contratos, notadamente, desenvolvimento, implanta\u00e7\u00e3o, manuten\u00e7\u00e3o, suporte e treinamentos.<\/p>\r\n<p>Os contratos de presta\u00e7\u00e3o de servi\u00e7os firmados com os clientes, os contratos de parcerias e com seus fornecedores, definem os papeis e responsabilidades da Infocraft, bem como, as pol\u00edticas e procedimentos internos definem de forma especifica a base legal, que constituem as finalidades balizadoras do tratamento de dados pessoais para fins deste aviso de privacidade.<\/p>\r\n<p>A <strong>INFOCRAFT<\/strong> mant\u00e9m contratos com terceiros para o fornecimento de produtos ou a presta\u00e7\u00e3o de servi\u00e7os necess\u00e1rios a suas opera\u00e7\u00f5es, os quais poder\u00e3o, conforme o caso, importar em disciplina pr\u00f3pria de prote\u00e7\u00e3o de dados pessoais e ser consultada pelos interessados.<\/p>\r\n<p>&nbsp;<\/p>\r\n<p><strong>RETEN\u00c7\u00c3O E DESCARTE<\/strong><strong>:<\/strong><\/p>\r\n<p>Nos atentamos para \u00e0 finalidade pretendida, para manter os seus dados somente pelo tempo necess\u00e1rio. Quando al\u00e7amos a finalidade, descartamos! Nos casos que temos obriga\u00e7\u00e3o regulat\u00f3ria ou cumprimento de contato, mantemos somente pelo prazo necess\u00e1rio conforme determinam as legisla\u00e7\u00f5es pertinentes.<\/p>\r\n<p>Da mesma forma, respeitamos sempre seus direitos supracitados e em caso de solicita\u00e7\u00e3o de exclus\u00e3o, especialmente em caso de e-mails de marketing, conte\u00fado etc., atenderemos prontamente seu pedido de \u201cesquecimento\u201d.<\/p>\r\n<p>&nbsp;<\/p>\r\n<p><strong>DOS DIREITOS DO TITULAR:<\/strong><\/p>\r\n<p>A <strong>INFOCRAFT<\/strong> zela para que o Titular do dado pessoal possa usufruir dos direitos assegurados, assim, como, dono dos dados, voc\u00ea pode nos solicitar as seguintes informa\u00e7\u00f5es:<\/p>\r\n<ol>\r\n<li>Confirma\u00e7\u00e3o da exist\u00eancia de tratamento;<\/li>\r\n<li>Acesso aos dados;<\/li>\r\n<li>Corre\u00e7\u00e3o de dados incompletos, inexatos ou desatualizados;<\/li>\r\n<li>Anonimiza\u00e7\u00e3o, bloqueio ou elimina\u00e7\u00e3o de dados desnecess\u00e1rios, excessivos ou tratados em desconformidade;<\/li>\r\n<li>Portabilidade dos dados a outro fornecedor de servi\u00e7o ou produto, mediante requisi\u00e7\u00e3o expressa, de acordo com a regulamenta\u00e7\u00e3o da autoridade nacional, observados os segredos comercial e industrial;<\/li>\r\n<li>Elimina\u00e7\u00e3o dos dados pessoais tratados com o consentimento do titular (exceto nos cen\u00e1rios que temos base legal para poder mant\u00ea-lo);<\/li>\r\n<li>Informa\u00e7\u00e3o das entidades p\u00fablicas e privadas com as quais o controlador realizou uso compartilhado de dados;<\/li>\r\n<li>Informa\u00e7\u00e3o sobre a possibilidade de n\u00e3o fornecer consentimento e sobre as consequ\u00eancias da negativa;<\/li>\r\n<li>Revoga\u00e7\u00e3o do consentimento.<\/li>\r\n<\/ol>\r\n<p>Para atendimento \u00e0s solicita\u00e7\u00f5es acima, vale destacar, referente aos dados pessoais dos titulares inclu\u00eddos no cen\u00e1rio em que somos os controladores poder\u00e3o ser solicitados atrav\u00e9s do contato <a href=\"mailto:dpo@infocraft.com.br\">dpo@infocraft.com.br<\/a>.<\/p>\r\n<p><u>J\u00e1 no que toca aos dados de usu\u00e1rios dos nossos sistemas, que n\u00e3o seja nosso colaborador, representantes legais de nossos clientes, fornecedores ou parceiros, devem realizar \u00e0s solicita\u00e7\u00f5es ao controlador dos dados, ou seja, \u00e0s empresas com quem mantem uma rela\u00e7\u00e3o contratual direta.<\/u><\/p>\r\n<p>&nbsp;<\/p>\r\n<p><strong>DA TRANSFER\u00caNCIA INTERNACIONAL DE DADOS: <\/strong><\/p>\r\n<p>A <strong>INFOCRAFT<\/strong> n\u00e3o faz transfer\u00eancias internacionais de dados pessoais, caso ocorra ser\u00e1 com a pr\u00e9via e formalmente autoriza\u00e7\u00e3o e mediante consentimento inequ\u00edvoco pelo Titular.<\/p>\r\n<p>A <strong>INFOCRAFT<\/strong> instituiu o Encarregado pelo Tratamento de Dados Pessoais da que atender\u00e1 quaisquer contatos, nos termos da lei, no endere\u00e7o eletr\u00f4nico <a href=\"mailto:dpo@infocraft.com.br\">dpo@infocraft.com.br<\/a>.<\/p>\r\n<p>O DPO\/Encarregado, conta com apoio efetivo Time de Privacidade e Prote\u00e7\u00e3o de Dados, formado pelos coordenadores de cada unidade de neg\u00f3cio da <strong>INFOCRAFT<\/strong> para o adequado desempenho de suas fun\u00e7\u00f5es.<\/p>\r\n<p>&nbsp;<\/p>\r\n<p><strong>DA SEGURAN\u00c7A E BOAS PR\u00c1TICAS: <\/strong><\/p>\r\n<p>A <strong>INFOCRAFT<\/strong> disp\u00f5e de uma Pol\u00edtica de Seguran\u00e7a da Informa\u00e7\u00e3o que especifica e determina a ado\u00e7\u00e3o de um conjunto de medidas t\u00e9cnicas e administrativas de seguran\u00e7a para a prote\u00e7\u00e3o de dados pessoais contra acessos n\u00e3o autorizados e situa\u00e7\u00f5es acidentais ou incidentes culposos ou dolosos de destrui\u00e7\u00e3o, perda, adultera\u00e7\u00e3o, compartilhamento indevido ou qualquer forma de tratamento inadequado ou il\u00edcito.<\/p>\r\n<p>Embora a <strong>INFOCRAFT<\/strong> n\u00e3o me\u00e7a esfor\u00e7os em realizar a\u00e7\u00f5es preventivas, tal precau\u00e7\u00e3o n\u00e3o implica em garantia contra a possibilidade de incidentes de seguran\u00e7a ou de viola\u00e7\u00e3o da prote\u00e7\u00e3o de dados pessoais, haja vista, sobretudo, a cont\u00ednua diversifica\u00e7\u00e3o dos riscos cibern\u00e9ticos.<\/p>\r\n<p>A <strong>INFOCRAFT<\/strong> adota boas pr\u00e1ticas e governan\u00e7a capazes de inspirar comportamentos adequados e de mitigar os riscos de comprometimento de dados pessoais.<\/p>\r\n<p>As boas pr\u00e1ticas adotadas de prote\u00e7\u00e3o de dados pessoais e a governan\u00e7a implantada dever\u00e3o ser objeto de campanhas informativas na esfera interna da <strong>INFOCRAFT<\/strong> e em seu s\u00edtio eletr\u00f4nico, visando a disseminar cultura protetiva, com conscientiza\u00e7\u00e3o e sensibiliza\u00e7\u00e3o dos interessados.<\/p>\r\n<p>O Encarregado e o Time de Privacidade e Prote\u00e7\u00e3o de dados dever\u00e3o manter a dire\u00e7\u00e3o da <strong>INFOCRAFT<\/strong> a par de aspectos e fatos significativos e de interesse para conhecimento pelas inst\u00e2ncias respectivas.<\/p>\r\n<p>&nbsp;<\/p>\r\n<p><strong>ATUALIZA\u00c7\u00c3O:<\/strong><\/p>\r\n<p>Este Aviso de Privacidade ser\u00e1 revisto em intervalos planejados n\u00e3o superiores a 12 (doze) meses, ou antes a ocorr\u00eancia de algumas das seguintes condi\u00e7\u00f5es:<\/p>\r\n<p>Nossa \u00faltima atualiza\u00e7\u00e3o foi 30\/06\/2021.<\/p>\r\n<p>D\u00favidas? Algo que podemos te ajudar?<\/p>\r\n<p>Entra em contato conosco! Ser\u00e1 um prazer falarmos de privacidade e prote\u00e7\u00e3o de dados contigo: <a href=\"mailto:dpo@infocraft.com.br\">dpo@infocraft.com.br<\/a> .<\/p>\r\n","protected":false},"excerpt":{"rendered":"<p>O Presente aviso de privacidade tem por objetivo formalizar o compromisso e o respeito \u00e0 privacidade e a prote\u00e7\u00e3o de dados pessoais tratados em decorr\u00eancia das atividades empresariais da INFOCRAFT, bem como, definir e divulgar as regras de tratamento. \u00a0Aqui na nossa empresa, a privacidade est\u00e1 inserida no centro dos nossos processos e enraizada na [&hellip;]<\/p>\n","protected":false},"author":6,"featured_media":156,"parent":0,"menu_order":0,"comment_status":"closed","ping_status":"closed","template":"","meta":{"_acf_changed":false,"footnotes":""},"acf":[],"_links":{"self":[{"href":"https:\/\/infocraftweb.com.br\/site\/wp-json\/wp\/v2\/pages\/711"}],"collection":[{"href":"https:\/\/infocraftweb.com.br\/site\/wp-json\/wp\/v2\/pages"}],"about":[{"href":"https:\/\/infocraftweb.com.br\/site\/wp-json\/wp\/v2\/types\/page"}],"author":[{"embeddable":true,"href":"https:\/\/infocraftweb.com.br\/site\/wp-json\/wp\/v2\/users\/6"}],"replies":[{"embeddable":true,"href":"https:\/\/infocraftweb.com.br\/site\/wp-json\/wp\/v2\/comments?post=711"}],"version-history":[{"count":5,"href":"https:\/\/infocraftweb.com.br\/site\/wp-json\/wp\/v2\/pages\/711\/revisions"}],"predecessor-version":[{"id":718,"href":"https:\/\/infocraftweb.com.br\/site\/wp-json\/wp\/v2\/pages\/711\/revisions\/718"}],"wp:featuredmedia":[{"embeddable":true,"href":"https:\/\/infocraftweb.com.br\/site\/wp-json\/wp\/v2\/media\/156"}],"wp:attachment":[{"href":"https:\/\/infocraftweb.com.br\/site\/wp-json\/wp\/v2\/media?parent=711"}],"curies":[{"name":"wp","href":"https:\/\/api.w.org\/{rel}","templated":true}]}}